{"id":16095,"date":"2020-02-13T16:29:23","date_gmt":"2020-02-13T16:29:23","guid":{"rendered":"https:\/\/brandkeyvn.net\/autolock\/?post_type=product&#038;p=16095"},"modified":"2020-02-16T12:37:21","modified_gmt":"2020-02-16T12:37:21","slug":"khoa-dien-tu-ydm7116","status":"publish","type":"product","link":"https:\/\/brandkey.net\/autolock\/san-pham\/khoa-dien-tu-ydm7116\/","title":{"rendered":"Kh\u00f3a \u0111i\u1ec7n t\u1eed YDM7116"},"content":{"rendered":"<p><span style=\"text-decoration: underline; color: #ff0000;\"><em>L\u01b0u \u00fd:<\/em><\/span><\/p>\n<ul>\n<li>B\u1ea3o h\u00e0nh: 24 th\u00e1ng<\/li>\n<li>T\u1ea5t c\u1ea3 \u0111\u01b0\u1ee3c nh\u1eadp kh\u1ea9u ch\u00ednh h\u00e3ng 100%<\/li>\n<li>A\u0301p d\u1ee5ng gi\u00e1 \u0111\u1ea1i l\u00fd khi mua t\u1eeb 3 s\u1ea3n ph\u1ea9m tr\u1edf l\u00ean<\/li>\n<li>Mi\u1ec5n ph\u00ed giao h\u00e0ng khu v\u1ef1c n\u1ed9i th\u00e0nh \u0110\u00e0 N\u1eb5ng<\/li>\n<li>Ch\u01b0a bao g\u1ed3m VAT<\/li>\n<li>Ch\u01b0a bao g\u1ed3m chi ph\u00ed l\u1eafp \u0111\u1eb7t<\/li>\n<\/ul>\n<p><span style=\"text-decoration: underline; color: #ff0000;\">Quy \u0111\u1ecbnh v\u1ec1 b\u1ea3o h\u00e0nh kh\u00f3a:<\/span><\/p>\n<p><span style=\"color: #ff0000;\">1. \u0110i\u1ec1u kho\u1ea3n chung v\u1ec1 b\u1ea3o h\u00e0nh<\/span><\/p>\n<ul>\n<li>Chi\u0309 th\u1ef1c hi\u1ec7n ch\u1ebf \u0111\u1ed9 b\u1ea3o h\u00e0nh b\u1eb1ng vi\u1ec7c s\u1eeda ch\u1eefa mi\u1ec5n ph\u00ed ho\u1eb7c thay th\u1ebf linh ki\u1ec7n v\u1eadt t\u01b0 s\u1ea3n ph\u1ea9m b\u1ecb ho\u0309ng do l\u1ed7i nh\u00e0 s\u1ea3n xu\u1ea5t, kh\u00f4ng thay \u0111\u1ed5i nguy\u00ean chi\u1ebfc s\u1ea3n ph\u1ea9m kh\u00e1c.<\/li>\n<li>Phi\u1ebfu b\u1ea3o h\u00e0nh ph\u1ea3i c\u00f2n nguy\u00ean v\u1eb9n, kh\u00f4ng b\u1ecb t\u1ea9y x\u00f3a s\u1eeda \u0111\u1ed5i v\u00e0 ph\u1ea3i c\u00f2n \u0111\u1ea7y d\u1ee7 th\u00f4ng tin y\u00eau c\u1ea7u.<\/li>\n<li>Kh\u00f3a \u0111i\u1ec7n t\u1eed: Chi\u0309 b\u1ea3o h\u00e0nh cho Board m\u1ea1ch \u0111i\u1ec7n v\u00e0 \u0111i\u1ec7n t\u1eed. C\u00e1c lo\u1ea1i kh\u00f3a \u0111i\u1ec7n t\u1eed \u0111\u01b0\u1ee3c b\u1ea3o h\u00e0nh 12 th\u00e1ng t\u1ea1i CT An B\u00ecnh.<\/li>\n<\/ul>\n<p><span style=\"color: #ff0000;\">2. C\u00e1c tr\u01b0\u1eddng h\u1ee3p kh\u00f4ng b\u1ea3o h\u00e0nh<\/span><\/p>\n<ul>\n<li>S\u1eed d\u1ee5ng kh\u00f4ng \u0111u\u0301ng c\u00e1ch, b\u1ea5t c\u1ea9n, ngh\u1ecbch ph\u00e1, \u0111\u1ec3 v\u1eadt l\u1ea1 r\u01a1i v\u00e0o s\u1ea3n ph\u1ea9m, do s\u1eed d\u1ee5ng link ki\u1ec7n kh\u00f4ng ch\u00ednh h\u00e3ng \u0111\u1ed3ng b\u1ed9, kh\u00f4ng \u0111\u01b0\u1ee3c nh\u00e0 s\u1ea3n xu\u1ea5t khuy\u00ean d\u00f9ng.<\/li>\n<li>T\u1ef1 \u00fd th\u00e1o l\u1eafp ho\u1eb7c cho nh\u00e2n vi\u00ean ky\u0303 thu\u1eadt kh\u00f4ng ph\u1ea3i c\u1ee7a c\u00f4ng ty An B\u00ecnh th\u00e1o l\u1eafp ho\u1eb7c thay th\u1ebf c\u00e1c b\u1ed9 ph\u1eadn trong kh\u00f3a.<\/li>\n<li>Kh\u00f3a b\u1ecb ho\u0309ng do nguy\u00ean nh\u00e2n ngo\u00e0i ky\u0303 thu\u1eadt nh\u01b0: ho\u0309a ho\u1ea1n, ng\u1eadp l\u1ee5t, s\u00e9t \u0111\u00e1nh, ch\u00e1y n\u1ed5, c\u00f4n tr\u00f9ng c\u1eafn ph\u00e1, h\u00f3a ch\u1ea5t l\u1ea1 x\u00e2m ph\u1ea1m,\u2026<\/li>\n<li>Kh\u00f4ng b\u1ea3o h\u00e0nh cho c\u00e1c tr\u01b0\u1eddng h\u1ee3p qu\u00ean m\u1eadt m\u00e3, th\u1ebb t\u1eeb, kh\u00f3a c\u01a1 \u0111\u1ec3 b\u00ean trong nh\u00e0.<\/li>\n<\/ul>\n","protected":false},"excerpt":{"rendered":"<p>L\u01b0u \u00fd: B\u1ea3o h\u00e0nh: 24 th\u00e1ng T\u1ea5t c\u1ea3 \u0111\u01b0\u1ee3c nh\u1eadp kh\u1ea9u ch\u00ednh h\u00e3ng 100% A\u0301p d\u1ee5ng gi\u00e1 \u0111\u1ea1i l\u00fd khi mua t\u1eeb 3 s\u1ea3n ph\u1ea9m tr\u1edf l\u00ean Mi\u1ec5n ph\u00ed giao&#8230;<\/p>\n","protected":false},"featured_media":16267,"comment_status":"open","ping_status":"closed","template":"","meta":[],"class_list":{"0":"post-16095","1":"product","2":"type-product","3":"status-publish","4":"has-post-thumbnail","6":"product_cat-khoa-dien-tu","7":"product_cat-khoa-van-tay-yale","8":"product_tag-khoa-dien-tu","9":"product_tag-khoa-van-tay","10":"product_tag-khoa-van-tay-cua-nhom","11":"product_tag-smartlock","12":"product_tag-yale-lock","14":"first","15":"instock","16":"shipping-taxable","17":"purchasable","18":"product-type-simple"},"_links":{"self":[{"href":"https:\/\/brandkey.net\/autolock\/wp-json\/wp\/v2\/product\/16095","targetHints":{"allow":["GET"]}}],"collection":[{"href":"https:\/\/brandkey.net\/autolock\/wp-json\/wp\/v2\/product"}],"about":[{"href":"https:\/\/brandkey.net\/autolock\/wp-json\/wp\/v2\/types\/product"}],"replies":[{"embeddable":true,"href":"https:\/\/brandkey.net\/autolock\/wp-json\/wp\/v2\/comments?post=16095"}],"wp:featuredmedia":[{"embeddable":true,"href":"https:\/\/brandkey.net\/autolock\/wp-json\/wp\/v2\/media\/16267"}],"wp:attachment":[{"href":"https:\/\/brandkey.net\/autolock\/wp-json\/wp\/v2\/media?parent=16095"}],"curies":[{"name":"wp","href":"https:\/\/api.w.org\/{rel}","templated":true}]}}