{"id":21,"date":"2016-03-09T15:33:24","date_gmt":"2016-03-09T08:33:24","guid":{"rendered":"http:\/\/bridge16.qodeinteractive.com\/my-account\/"},"modified":"2020-02-08T23:56:35","modified_gmt":"2020-02-08T16:56:35","slug":"my-account","status":"publish","type":"page","link":"https:\/\/brandkey.net\/nangconcept\/my-account\/","title":{"rendered":"T\u00e0i Kho\u1ea3n C\u1ee7a T\u00f4i"},"content":{"rendered":"<div class=\"woocommerce\"><div class=\"woocommerce-notices-wrapper\">\n\t<div class=\"woocommerce-message\" role=\"alert\">\n\t\t<a href=\"https:\/\/brandkey.net\/nangconcept\/gio-hang\/\" tabindex=\"1\" class=\"button wc-forward\">Xem gi\u1ecf h\u00e0ng<\/a> &ldquo;Tweed Shirt White NAS009&rdquo; \u0111\u00e3 \u0111\u01b0\u1ee3c th\u00eam v\u00e0o gi\u1ecf h\u00e0ng.\t<\/div>\n<\/div>\n\n\n\t<div class=\"u-columns col2-set\" id=\"customer_login\">\n\t\n\t<div class=\"u-column1 col-1\">\n\n\t\n\t\t<h2>\u0110\u0103ng nh\u1eadp<\/h2>\n\t\t\n\t\t<form class=\"woocommerce-form woocommerce-form-login login\" method=\"post\">\n\n\t\t\t\t\t\t\n\t\t\t\t\t\t\n\t\t\t<p class=\"woocommerce-form-row woocommerce-form-row--wide form-row form-row-wide\">\n\t\t\t\t<input type=\"text\" class=\"woocommerce-Input woocommerce-Input--text input-text placeholder\" placeholder=\"T\u00ean t\u00e0i kho\u1ea3n ho\u1eb7c email\" name=\"username\" id=\"username\" value=\"\" \/>\t\t\t<\/p>\n\t\t\t<p class=\"woocommerce-form-row woocommerce-form-row--wide form-row form-row-wide\">\n\t\t\t\t<input class=\"woocommerce-Input woocommerce-Input--text input-text placeholder\" placeholder=\"M\u1eadt kh\u1ea9u\" type=\"password\" name=\"password\" id=\"password\" \/>\n\t\t\t<\/p>\n\t\t\t\n\t\t\t\t\t\t\n\t\t\t<p class=\"form-row\">\n\t\t\t\t<input type=\"hidden\" id=\"woocommerce-login-nonce\" name=\"woocommerce-login-nonce\" value=\"fbd4dd5280\" \/><input type=\"hidden\" name=\"_wp_http_referer\" value=\"\/nangconcept\/wp-json\/wp\/v2\/pages\/21\" \/>\t\t\t\t<label class=\"woocommerce-form__label woocommerce-form__label-for-checkbox inline woo-my-account-rememberme\">\n\t\t\t\t\t<input class=\"woocommerce-form__input woocommerce-form__input-checkbox\" name=\"rememberme\" type=\"checkbox\" id=\"rememberme\" value=\"forever\" \/> <span>T\u1ef1 \u0111\u1ed9ng \u0111\u0103ng nh\u1eadp<\/span>\n\t\t\t\t<\/label>\n\t\t\t\t<input type=\"submit\" class=\"woocommerce-Button button\" name=\"login\" value=\"\u0110\u0103ng nh\u1eadp\" \/>\n\t\t\t\t<a class=\"lost_password woo-lost_password2\" href=\"https:\/\/brandkey.net\/nangconcept\/my-account\/lost-password\/\">Qu\u00ean m\u1eadt kh\u1ea9u?<\/a>\n\n\t\t\t<\/p>\n\t\t\t\n\t\t\t\t\n\t\t\t\t\n\t\t<\/form>\n\n\n\t<\/div>\n\n\t<div class=\"u-column2 col-2\">\n\n\t\t<h2>\u0110\u0103ng k\u00ed<\/h2>\n\n\t\t<form method=\"post\" class=\"woocommerce-form woocommerce-form-register register\" >\n\n\t\t\t\t\t\t\n\t\t\t\t\t\t\n\t\t\t\n\t\t\t<p class=\"woocommerce-FormRow woocommerce-FormRow--wide form-row form-row-wide\">\n\t\t\t\t<input type=\"email\" class=\"woocommerce-Input woocommerce-Input--text input-text placeholder\" placeholder=\"Email\" name=\"email\" id=\"reg_email\" value=\"\" \/>\t\t\t<\/p>\n\n\t\t\t\n\t\t\t\t<p class=\"woocommerce-FormRow woocommerce-FormRow--wide form-row form-row-wide\">\n\t\t\t\t\t<input type=\"password\" class=\"woocommerce-Input woocommerce-Input--text input-text placeholder\" placeholder=\"M\u1eadt kh\u1ea9u\" name=\"password\" id=\"reg_password\" \/>\n\t\t\t\t<\/p>\n\t\t\t\t\t\t\n\t\t\t\t\t\t\n\t\t\t<div class=\"woocommerce-privacy-policy-text\"><p>Your personal data will be used to support your experience throughout this website, to manage access to your account, and for other purposes described in our <a href=\"\" class=\"woocommerce-privacy-policy-link\" target=\"_blank\">ch\u00ednh s\u00e1ch ri\u00eang t\u01b0<\/a>.<\/p>\n<\/div>\n\t\t\t<p class=\"woocommerce-FormRow form-row\">\n\t\t\t\t<input type=\"hidden\" id=\"woocommerce-register-nonce\" name=\"woocommerce-register-nonce\" value=\"3a617d6dc5\" \/><input type=\"hidden\" name=\"_wp_http_referer\" value=\"\/nangconcept\/wp-json\/wp\/v2\/pages\/21\" \/>\t\t\t\t<input type=\"submit\" class=\"woocommerce-Button button\" name=\"register\" value=\"\u0110\u0103ng k\u00ed\" \/>\n\t\t\t<\/p>\n\n\t\t\t\n\t\t<\/form>\n\n\t<\/div>\n\n<\/div>\n\n<\/div>\n","protected":false},"excerpt":{"rendered":"\u0110\u0103ng nh\u1eadp T\u1ef1 \u0111\u1ed9ng \u0111\u0103ng nh\u1eadp Qu\u00ean m\u1eadt kh\u1ea9u? \u0110\u0103ng k\u00ed Your personal data will be used to support your...","protected":false},"author":8,"featured_media":0,"parent":0,"menu_order":0,"comment_status":"closed","ping_status":"closed","template":"","meta":{"footnotes":""},"yst_prominent_words":[],"class_list":["post-21","page","type-page","status-publish","hentry"],"_links":{"self":[{"href":"https:\/\/brandkey.net\/nangconcept\/wp-json\/wp\/v2\/pages\/21"}],"collection":[{"href":"https:\/\/brandkey.net\/nangconcept\/wp-json\/wp\/v2\/pages"}],"about":[{"href":"https:\/\/brandkey.net\/nangconcept\/wp-json\/wp\/v2\/types\/page"}],"author":[{"embeddable":true,"href":"https:\/\/brandkey.net\/nangconcept\/wp-json\/wp\/v2\/users\/8"}],"replies":[{"embeddable":true,"href":"https:\/\/brandkey.net\/nangconcept\/wp-json\/wp\/v2\/comments?post=21"}],"version-history":[{"count":1,"href":"https:\/\/brandkey.net\/nangconcept\/wp-json\/wp\/v2\/pages\/21\/revisions"}],"predecessor-version":[{"id":1162,"href":"https:\/\/brandkey.net\/nangconcept\/wp-json\/wp\/v2\/pages\/21\/revisions\/1162"}],"wp:attachment":[{"href":"https:\/\/brandkey.net\/nangconcept\/wp-json\/wp\/v2\/media?parent=21"}],"wp:term":[{"taxonomy":"yst_prominent_words","embeddable":true,"href":"https:\/\/brandkey.net\/nangconcept\/wp-json\/wp\/v2\/yst_prominent_words?post=21"}],"curies":[{"name":"wp","href":"https:\/\/api.w.org\/{rel}","templated":true}]}}