{"id":1361,"date":"2020-02-18T22:01:57","date_gmt":"2020-02-18T15:01:57","guid":{"rendered":"https:\/\/brandkeyvn.net\/nangconcept\/?post_type=product&#038;p=1361"},"modified":"2020-02-24T11:54:56","modified_gmt":"2020-02-24T04:54:56","slug":"tweed-shirt-black-nas008","status":"publish","type":"product","link":"https:\/\/brandkey.net\/nangconcept\/san-pham\/tweed-shirt-black-nas008\/","title":{"rendered":"Tweed Shirt Black NAS008"},"content":{"rendered":"<p>\u00c1o s\u01a1mi l\u1ee5a tay ph\u1ed3ng , freesize v\u00f2ng ng\u1ef1c 92cm , m\u0103ng set 5cm ,c\u1ed5 \u00e1o v\u00e0 tay \u00e1o ph\u1ed1i v\u1ea3i stweed (CHANEL) th\u1eddi th\u01b0\u1ee3ng.<\/p>\n","protected":false},"excerpt":{"rendered":"<p>\u00c1o s\u01a1mi l\u1ee5a tay ph\u1ed3ng , freesize v\u00f2ng ng\u1ef1c 92cm , m\u0103ng set 5cm ,c\u1ed5 \u00e1o v\u00e0 tay \u00e1o ph\u1ed1i&#8230;<\/p>\n","protected":false},"featured_media":1548,"comment_status":"open","ping_status":"closed","template":"","meta":[],"yst_prominent_words":[],"class_list":{"0":"post-1361","1":"product","2":"type-product","3":"status-publish","4":"has-post-thumbnail","6":"product_cat-ao-somi","7":"product_cat-nang-cong-so","8":"product_tag-ao-so-mi","9":"product_tag-tweed-shirt","11":"first","12":"instock","13":"shipping-taxable","14":"purchasable","15":"product-type-simple"},"_links":{"self":[{"href":"https:\/\/brandkey.net\/nangconcept\/wp-json\/wp\/v2\/product\/1361"}],"collection":[{"href":"https:\/\/brandkey.net\/nangconcept\/wp-json\/wp\/v2\/product"}],"about":[{"href":"https:\/\/brandkey.net\/nangconcept\/wp-json\/wp\/v2\/types\/product"}],"replies":[{"embeddable":true,"href":"https:\/\/brandkey.net\/nangconcept\/wp-json\/wp\/v2\/comments?post=1361"}],"version-history":[{"count":4,"href":"https:\/\/brandkey.net\/nangconcept\/wp-json\/wp\/v2\/product\/1361\/revisions"}],"predecessor-version":[{"id":1671,"href":"https:\/\/brandkey.net\/nangconcept\/wp-json\/wp\/v2\/product\/1361\/revisions\/1671"}],"wp:featuredmedia":[{"embeddable":true,"href":"https:\/\/brandkey.net\/nangconcept\/wp-json\/wp\/v2\/media\/1548"}],"wp:attachment":[{"href":"https:\/\/brandkey.net\/nangconcept\/wp-json\/wp\/v2\/media?parent=1361"}],"wp:term":[{"taxonomy":"yst_prominent_words","embeddable":true,"href":"https:\/\/brandkey.net\/nangconcept\/wp-json\/wp\/v2\/yst_prominent_words?post=1361"}],"curies":[{"name":"wp","href":"https:\/\/api.w.org\/{rel}","templated":true}]}}