{"id":1385,"date":"2020-02-18T22:18:33","date_gmt":"2020-02-18T15:18:33","guid":{"rendered":"https:\/\/brandkeyvn.net\/nangconcept\/?post_type=product&#038;p=1385"},"modified":"2020-02-20T10:35:00","modified_gmt":"2020-02-20T03:35:00","slug":"green-silk-basic-camesole-nad001","status":"publish","type":"product","link":"https:\/\/brandkey.net\/nangconcept\/san-pham\/green-silk-basic-camesole-nad001\/","title":{"rendered":"Green Silk Basic Camesole NAD001"},"content":{"rendered":"<p>\u00c1o hai d\u00e2y l\u1ee5a c\u01a1 b\u1ea3n, c\u00f3 p\u00e1t c\u00e0i sau \u00e1o \u0111\u1ec3 tu\u1ef3 ch\u1ec9nh d\u00e0i ng\u1eafn d\u00e2y \u00e1o ph\u00f9 h\u1ee3p, freesize ng\u1ef1c 92cm<\/p>\n","protected":false},"excerpt":{"rendered":"<p>\u00c1o hai d\u00e2y l\u1ee5a c\u01a1 b\u1ea3n, c\u00f3 p\u00e1t c\u00e0i sau \u00e1o \u0111\u1ec3 tu\u1ef3 ch\u1ec9nh d\u00e0i ng\u1eafn d\u00e2y \u00e1o ph\u00f9 h\u1ee3p,&#8230;<\/p>\n","protected":false},"featured_media":1649,"comment_status":"open","ping_status":"closed","template":"","meta":[],"yst_prominent_words":[],"class_list":{"0":"post-1385","1":"product","2":"type-product","3":"status-publish","4":"has-post-thumbnail","6":"product_cat-ao-kieu","7":"product_tag-ao-kieu","8":"product_tag-silk-basic-camesole","10":"first","11":"instock","12":"shipping-taxable","13":"purchasable","14":"product-type-simple"},"_links":{"self":[{"href":"https:\/\/brandkey.net\/nangconcept\/wp-json\/wp\/v2\/product\/1385"}],"collection":[{"href":"https:\/\/brandkey.net\/nangconcept\/wp-json\/wp\/v2\/product"}],"about":[{"href":"https:\/\/brandkey.net\/nangconcept\/wp-json\/wp\/v2\/types\/product"}],"replies":[{"embeddable":true,"href":"https:\/\/brandkey.net\/nangconcept\/wp-json\/wp\/v2\/comments?post=1385"}],"version-history":[{"count":5,"href":"https:\/\/brandkey.net\/nangconcept\/wp-json\/wp\/v2\/product\/1385\/revisions"}],"predecessor-version":[{"id":1661,"href":"https:\/\/brandkey.net\/nangconcept\/wp-json\/wp\/v2\/product\/1385\/revisions\/1661"}],"wp:featuredmedia":[{"embeddable":true,"href":"https:\/\/brandkey.net\/nangconcept\/wp-json\/wp\/v2\/media\/1649"}],"wp:attachment":[{"href":"https:\/\/brandkey.net\/nangconcept\/wp-json\/wp\/v2\/media?parent=1385"}],"wp:term":[{"taxonomy":"yst_prominent_words","embeddable":true,"href":"https:\/\/brandkey.net\/nangconcept\/wp-json\/wp\/v2\/yst_prominent_words?post=1385"}],"curies":[{"name":"wp","href":"https:\/\/api.w.org\/{rel}","templated":true}]}}