{"id":1450,"date":"2020-02-18T23:08:37","date_gmt":"2020-02-18T16:08:37","guid":{"rendered":"https:\/\/brandkeyvn.net\/nangconcept\/?post_type=product&#038;p=1450"},"modified":"2020-02-22T15:51:14","modified_gmt":"2020-02-22T08:51:14","slug":"classic-long-dress-nd002","status":"publish","type":"product","link":"https:\/\/brandkey.net\/nangconcept\/san-pham\/classic-long-dress-nd002\/","title":{"rendered":"Brown Classic Long Dress ND002"},"content":{"rendered":"<p>V\u00e1y n\u00e2u d\u00e0i c\u1ed5 \u0111i\u1ec3n thanh l\u1ecbch, ch\u1ea5t v\u1ea3i l\u1ee5a hai da m\u1ec1m m\u1ecbn d\u00e0y d\u1eb7n ph\u1ea7n r\u00e3 ng\u1ef1c 3D l\u1ea1 m\u1eaft k\u1ebft h\u1ee3p n\u01a1 vai xinh x\u1eafn \u0111i\u1ec3m nh\u1ea5n cho b\u1ed9 v\u00e1y th\u00eam \u0111i\u1ec7u \u0111\u00e0<\/p>\n","protected":false},"excerpt":{"rendered":"<p>V\u00e1y n\u00e2u d\u00e0i c\u1ed5 \u0111i\u1ec3n thanh l\u1ecbch, ch\u1ea5t v\u1ea3i l\u1ee5a hai da m\u1ec1m m\u1ecbn d\u00e0y d\u1eb7n ph\u1ea7n r\u00e3 ng\u1ef1c 3D&#8230;<\/p>\n","protected":false},"featured_media":1447,"comment_status":"open","ping_status":"closed","template":"","meta":[],"yst_prominent_words":[],"class_list":{"0":"post-1450","1":"product","2":"type-product","3":"status-publish","4":"has-post-thumbnail","6":"product_cat-dam","7":"product_cat-nang-dao-pho","8":"product_tag-classic-long-dress","9":"product_tag-dress","10":"product_tag-dam","12":"first","13":"instock","14":"featured","15":"shipping-taxable","16":"purchasable","17":"product-type-variable"},"_links":{"self":[{"href":"https:\/\/brandkey.net\/nangconcept\/wp-json\/wp\/v2\/product\/1450"}],"collection":[{"href":"https:\/\/brandkey.net\/nangconcept\/wp-json\/wp\/v2\/product"}],"about":[{"href":"https:\/\/brandkey.net\/nangconcept\/wp-json\/wp\/v2\/types\/product"}],"replies":[{"embeddable":true,"href":"https:\/\/brandkey.net\/nangconcept\/wp-json\/wp\/v2\/comments?post=1450"}],"version-history":[{"count":5,"href":"https:\/\/brandkey.net\/nangconcept\/wp-json\/wp\/v2\/product\/1450\/revisions"}],"predecessor-version":[{"id":1628,"href":"https:\/\/brandkey.net\/nangconcept\/wp-json\/wp\/v2\/product\/1450\/revisions\/1628"}],"wp:featuredmedia":[{"embeddable":true,"href":"https:\/\/brandkey.net\/nangconcept\/wp-json\/wp\/v2\/media\/1447"}],"wp:attachment":[{"href":"https:\/\/brandkey.net\/nangconcept\/wp-json\/wp\/v2\/media?parent=1450"}],"wp:term":[{"taxonomy":"yst_prominent_words","embeddable":true,"href":"https:\/\/brandkey.net\/nangconcept\/wp-json\/wp\/v2\/yst_prominent_words?post=1450"}],"curies":[{"name":"wp","href":"https:\/\/api.w.org\/{rel}","templated":true}]}}