{"id":1868,"date":"2020-02-25T12:49:26","date_gmt":"2020-02-25T05:49:26","guid":{"rendered":"https:\/\/brandkeyvn.net\/nangconcept\/?post_type=product&#038;p=1868"},"modified":"2020-02-25T16:03:23","modified_gmt":"2020-02-25T09:03:23","slug":"red-flower-dress-nd007","status":"publish","type":"product","link":"https:\/\/brandkey.net\/nangconcept\/san-pham\/red-flower-dress-nd007\/","title":{"rendered":"Red Flower Dress ND007"},"content":{"rendered":"<p>\u0110\u1ea7m voan \u0111en hoa nh\u00ed \u0111\u1ecf \u0111\u00f4 , ch\u1ea5t v\u1ea3i voan tho\u00e1ng m\u00e1t \u0111\u01b0\u1ee3c may hai l\u1edbp t\u1ec9 m\u1ec9 , ph\u1ea7n tay c\u00e1nh ti\u00ean nh\u1eb9 nh\u00e0ng<\/p>\n","protected":false},"excerpt":{"rendered":"<p>\u0110\u1ea7m voan \u0111en hoa nh\u00ed \u0111\u1ecf \u0111\u00f4 , ch\u1ea5t v\u1ea3i voan tho\u00e1ng m\u00e1t \u0111\u01b0\u1ee3c may hai l\u1edbp t\u1ec9 m\u1ec9 ,&#8230;<\/p>\n","protected":false},"featured_media":1871,"comment_status":"open","ping_status":"closed","template":"","meta":[],"yst_prominent_words":[],"class_list":{"0":"post-1868","1":"product","2":"type-product","3":"status-publish","4":"has-post-thumbnail","6":"product_cat-dam","7":"product_cat-nang-dao-pho","8":"product_tag-dam","9":"product_tag-dam-voan-hoa","11":"first","12":"instock","13":"shipping-taxable","14":"purchasable","15":"product-type-variable"},"_links":{"self":[{"href":"https:\/\/brandkey.net\/nangconcept\/wp-json\/wp\/v2\/product\/1868"}],"collection":[{"href":"https:\/\/brandkey.net\/nangconcept\/wp-json\/wp\/v2\/product"}],"about":[{"href":"https:\/\/brandkey.net\/nangconcept\/wp-json\/wp\/v2\/types\/product"}],"replies":[{"embeddable":true,"href":"https:\/\/brandkey.net\/nangconcept\/wp-json\/wp\/v2\/comments?post=1868"}],"version-history":[{"count":3,"href":"https:\/\/brandkey.net\/nangconcept\/wp-json\/wp\/v2\/product\/1868\/revisions"}],"predecessor-version":[{"id":1881,"href":"https:\/\/brandkey.net\/nangconcept\/wp-json\/wp\/v2\/product\/1868\/revisions\/1881"}],"wp:featuredmedia":[{"embeddable":true,"href":"https:\/\/brandkey.net\/nangconcept\/wp-json\/wp\/v2\/media\/1871"}],"wp:attachment":[{"href":"https:\/\/brandkey.net\/nangconcept\/wp-json\/wp\/v2\/media?parent=1868"}],"wp:term":[{"taxonomy":"yst_prominent_words","embeddable":true,"href":"https:\/\/brandkey.net\/nangconcept\/wp-json\/wp\/v2\/yst_prominent_words?post=1868"}],"curies":[{"name":"wp","href":"https:\/\/api.w.org\/{rel}","templated":true}]}}